{"id":4142,"date":"2024-06-27T16:56:06","date_gmt":"2024-06-27T14:56:06","guid":{"rendered":"https:\/\/www.ikidbaby.com\/producto\/lit-bebe-lateral-pliant-neusy\/"},"modified":"2025-10-27T12:52:36","modified_gmt":"2025-10-27T10:52:36","slug":"lit-bebe-lateral-pliant-neusy","status":"publish","type":"product","link":"https:\/\/www.ikidbaby.com\/fr\/produits\/lit-bebe-lateral-pliant-neusy\/","title":{"rendered":"Lit b\u00e9b\u00e9 lat\u00e9ral pliant NEUSY"},"content":{"rendered":"<p><span style=\"font-weight: 400;\">Le lit b\u00e9b\u00e9 \u00ab\u00a0Neusy\u00a0\u00bb est un bijou de design qui se distingue par ses courbes originales et son adorable graphisme minimaliste, faisant de lui le centre d&rsquo;attention de toute chambre d&rsquo;enfant.<br \/>\nSon c\u00f4t\u00e9 pliant, qui s&rsquo;actionne d&rsquo;une seule main, facilite l&rsquo;acc\u00e8s \u00e0 l&rsquo;enfant, alliant praticit\u00e9 et style.<br \/>\nAvec six positions de hauteur du sommier, le lit s&rsquo;adapte parfaitement aux besoins de croissance de l&rsquo;enfant. <\/span><\/p>\n<p><span style=\"font-weight: 400;\">\u00c9quip\u00e9 d&rsquo;un jeu de quatre roulettes avec freins, le <\/span><span style=\"font-weight: 400;\">lit <\/span> <span style=\"font-weight: 400;\">\u00ab\u00a0Neusy\u00a0\u00bb offre mobilit\u00e9 et stabilit\u00e9 \u00e0 tout moment.<br \/>\nSon sommier \u00e0 lattes multicouches offre un soutien optimal, garantissant le confort du b\u00e9b\u00e9.<br \/>\nIl est \u00e9galement adapt\u00e9 au co-sleeping, permettant une plus grande proximit\u00e9 et un meilleur confort nocturne, et peut \u00eatre compl\u00e9t\u00e9 par le kit de co-sleeping achet\u00e9 s\u00e9par\u00e9ment. <\/span><\/p>\n<p><span style=\"font-weight: 400;\">Il comprend un garde-corps de protection en plastique, qui assure une plus grande durabilit\u00e9 et une meilleure protection.<br \/>\nPeint dans une \u00e9l\u00e9gante couleur blanche, le lit d&rsquo;enfant \u00ab\u00a0Neusy\u00a0\u00bb s&rsquo;int\u00e8gre harmonieusement \u00e0 tous les styles de d\u00e9coration.<br \/>\nMesurant 60 x 120 cm, il offre une solution compacte et \u00e9l\u00e9gante sans sacrifier le confort et la s\u00e9curit\u00e9. <\/span><\/p>\n<p><b>Caract\u00e9ristiques sp\u00e9cifiques :<\/b><b>Dimensions : <\/b><span style=\"font-weight: 400;\">103 cm de haut, 63 cm de large et 124 cm de long. <\/span><b>Poids : 20 kg : <\/b><span style=\"font-weight: 400;\">20 kg <\/span><b>Couleur : blanc : <\/b><span style=\"font-weight: 400;\">Blanc <\/span><b>Mat\u00e9riaux de haute qualit\u00e9 :<\/b><span style=\"font-weight: 400;\"> Fabriqu\u00e9 enti\u00e8rement en MDF et en pin pour une longue dur\u00e9e de vie et une surface facile \u00e0 nettoyer. <\/span><b>6 hauteurs de sommier : <\/b><span style=\"font-weight: 400;\">s&rsquo;adaptent parfaitement aux besoins de croissance de l&rsquo;enfant. <\/span><b>Jeu de 4 roues avec freins : <\/b><span style=\"font-weight: 400;\">Il offre mobilit\u00e9 et stabilit\u00e9 aux parents. <\/span><b>Kit de couchage en commun : <\/b><span style=\"font-weight: 400;\">Possibilit\u00e9 d&rsquo;acheter un kit de co-sleeping s\u00e9par\u00e9 comprenant le matelas (115&#215;11.5&#215;10 cm), la planche (116.3&#215;12.3 cm) et les sangles (200 cm).<\/span><\/p>\n","protected":false},"excerpt":{"rendered":"<p><span style=\"font-weight: 400;\">Le lit b\u00e9b\u00e9 \u00ab\u00a0Neusy\u00a0\u00bb est un bijou de design qui se distingue par ses courbes originales et son adorable graphisme minimaliste, faisant de lui le centre d&rsquo;attention de toute chambre d&rsquo;enfant.<br \/>\nSon c\u00f4t\u00e9 pliant, qui s&rsquo;actionne d&rsquo;une seule main, facilite l&rsquo;acc\u00e8s \u00e0 l&rsquo;enfant, alliant praticit\u00e9 et style. <\/span><\/p>\n","protected":false},"featured_media":3544,"comment_status":"open","ping_status":"closed","template":"","meta":[],"product_brand":[],"product_cat":[108],"product_tag":[172],"class_list":{"0":"post-4142","1":"product","2":"type-product","3":"status-publish","4":"has-post-thumbnail","6":"product_cat-lits-bebe","7":"product_tag-neusy-fr","9":"first","10":"instock","11":"shipping-taxable","12":"purchasable","13":"product-type-simple","14":"layout-style-2","15":"col-md-4 col-sm-4 col-xs-6","16":"col-lg-3","17":"product-has-gallery","18":"product-style-addtocart"},"_links":{"self":[{"href":"https:\/\/www.ikidbaby.com\/fr\/wp-json\/wp\/v2\/product\/4142","targetHints":{"allow":["GET"]}}],"collection":[{"href":"https:\/\/www.ikidbaby.com\/fr\/wp-json\/wp\/v2\/product"}],"about":[{"href":"https:\/\/www.ikidbaby.com\/fr\/wp-json\/wp\/v2\/types\/product"}],"replies":[{"embeddable":true,"href":"https:\/\/www.ikidbaby.com\/fr\/wp-json\/wp\/v2\/comments?post=4142"}],"wp:featuredmedia":[{"embeddable":true,"href":"https:\/\/www.ikidbaby.com\/fr\/wp-json\/wp\/v2\/media\/3544"}],"wp:attachment":[{"href":"https:\/\/www.ikidbaby.com\/fr\/wp-json\/wp\/v2\/media?parent=4142"}],"wp:term":[{"taxonomy":"product_brand","embeddable":true,"href":"https:\/\/www.ikidbaby.com\/fr\/wp-json\/wp\/v2\/product_brand?post=4142"},{"taxonomy":"product_cat","embeddable":true,"href":"https:\/\/www.ikidbaby.com\/fr\/wp-json\/wp\/v2\/product_cat?post=4142"},{"taxonomy":"product_tag","embeddable":true,"href":"https:\/\/www.ikidbaby.com\/fr\/wp-json\/wp\/v2\/product_tag?post=4142"}],"curies":[{"name":"wp","href":"https:\/\/api.w.org\/{rel}","templated":true}]}}