{"id":4147,"date":"2024-06-27T15:00:46","date_gmt":"2024-06-27T13:00:46","guid":{"rendered":"https:\/\/www.ikidbaby.com\/producto\/kit-lit-bebe-cododo\/"},"modified":"2025-10-27T12:52:55","modified_gmt":"2025-10-27T10:52:55","slug":"kit-lit-bebe-cododo","status":"publish","type":"product","link":"https:\/\/www.ikidbaby.com\/fr\/produits\/kit-lit-bebe-cododo\/","title":{"rendered":"KIT lit b\u00e9b\u00e9 cododo"},"content":{"rendered":"<p>KIT lit b\u00e9b\u00e9 cododo<\/p>\n","protected":false},"excerpt":{"rendered":"<p>KIT lit b\u00e9b\u00e9 cododo<\/p>\n","protected":false},"featured_media":3607,"comment_status":"open","ping_status":"closed","template":"","meta":[],"product_brand":[],"product_cat":[108],"product_tag":[115],"class_list":{"0":"post-4147","1":"product","2":"type-product","3":"status-publish","4":"has-post-thumbnail","6":"product_cat-lits-bebe","7":"product_tag-cododo","9":"first","10":"instock","11":"shipping-taxable","12":"purchasable","13":"product-type-simple","14":"layout-style-2","15":"col-md-4 col-sm-4 col-xs-6","16":"col-lg-3","17":"product-has-gallery","18":"product-style-addtocart"},"_links":{"self":[{"href":"https:\/\/www.ikidbaby.com\/fr\/wp-json\/wp\/v2\/product\/4147","targetHints":{"allow":["GET"]}}],"collection":[{"href":"https:\/\/www.ikidbaby.com\/fr\/wp-json\/wp\/v2\/product"}],"about":[{"href":"https:\/\/www.ikidbaby.com\/fr\/wp-json\/wp\/v2\/types\/product"}],"replies":[{"embeddable":true,"href":"https:\/\/www.ikidbaby.com\/fr\/wp-json\/wp\/v2\/comments?post=4147"}],"wp:featuredmedia":[{"embeddable":true,"href":"https:\/\/www.ikidbaby.com\/fr\/wp-json\/wp\/v2\/media\/3607"}],"wp:attachment":[{"href":"https:\/\/www.ikidbaby.com\/fr\/wp-json\/wp\/v2\/media?parent=4147"}],"wp:term":[{"taxonomy":"product_brand","embeddable":true,"href":"https:\/\/www.ikidbaby.com\/fr\/wp-json\/wp\/v2\/product_brand?post=4147"},{"taxonomy":"product_cat","embeddable":true,"href":"https:\/\/www.ikidbaby.com\/fr\/wp-json\/wp\/v2\/product_cat?post=4147"},{"taxonomy":"product_tag","embeddable":true,"href":"https:\/\/www.ikidbaby.com\/fr\/wp-json\/wp\/v2\/product_tag?post=4147"}],"curies":[{"name":"wp","href":"https:\/\/api.w.org\/{rel}","templated":true}]}}